{"id":27167,"date":"2021-11-29T15:54:55","date_gmt":"2021-11-29T14:54:55","guid":{"rendered":"https:\/\/soc-consulting-group.com\/?page_id=27167"},"modified":"2022-07-18T18:21:00","modified_gmt":"2022-07-18T16:21:00","slug":"interesse-am-seminar-kontakt","status":"publish","type":"page","link":"https:\/\/soc-consulting-group.com\/en\/interesse-am-seminar-kontakt\/","title":{"rendered":"Interest in the seminar"},"content":{"rendered":"<div data-elementor-type=\"wp-page\" data-elementor-id=\"27167\" class=\"elementor elementor-27167\" data-elementor-settings=\"[]\">\n\t\t\t\t\t\t\t<div class=\"elementor-section-wrap\">\n\t\t\t\t\t\t\t<section class=\"elementor-section elementor-top-section elementor-element elementor-element-59a89db elementor-section-boxed elementor-section-height-default elementor-section-height-default\" data-id=\"59a89db\" data-element_type=\"section\">\n\t\t\t\t\t\t<div class=\"elementor-container elementor-column-gap-no\">\n\t\t\t\t\t<div class=\"elementor-column elementor-col-100 elementor-top-column elementor-element elementor-element-c563e3d\" data-id=\"c563e3d\" data-element_type=\"column\">\n\t\t\t<div class=\"elementor-widget-wrap elementor-element-populated\">\n\t\t\t\t\t\t\t\t<div class=\"elementor-element elementor-element-fe9890c elementor-widget elementor-widget-heading\" data-id=\"fe9890c\" data-element_type=\"widget\" data-widget_type=\"heading.default\">\n\t\t\t\t<div class=\"elementor-widget-container\">\n\t\t\t<style>\/*! elementor - v3.5.3 - 28-12-2021 *\/\n.elementor-heading-title{padding:0;margin:0;line-height:1}.elementor-widget-heading .elementor-heading-title[class*=elementor-size-]>a{color:inherit;font-size:inherit;line-height:inherit}.elementor-widget-heading .elementor-heading-title.elementor-size-small{font-size:15px}.elementor-widget-heading .elementor-heading-title.elementor-size-medium{font-size:19px}.elementor-widget-heading .elementor-heading-title.elementor-size-large{font-size:29px}.elementor-widget-heading .elementor-heading-title.elementor-size-xl{font-size:39px}.elementor-widget-heading .elementor-heading-title.elementor-size-xxl{font-size:59px}<\/style><h1 class=\"elementor-heading-title elementor-size-default\">Interest in the seminar<\/h1>\t\t<\/div>\n\t\t\t\t<\/div>\n\t\t\t\t<div class=\"elementor-element elementor-element-07c33af elementor-widget elementor-widget-text-editor\" data-id=\"07c33af\" data-element_type=\"widget\" data-widget_type=\"text-editor.default\">\n\t\t\t\t<div class=\"elementor-widget-container\">\n\t\t\t<style>\/*! elementor - v3.5.3 - 28-12-2021 *\/\n.elementor-widget-text-editor.elementor-drop-cap-view-stacked .elementor-drop-cap{background-color:#818a91;color:#fff}.elementor-widget-text-editor.elementor-drop-cap-view-framed .elementor-drop-cap{color:#818a91;border:3px solid;background-color:transparent}.elementor-widget-text-editor:not(.elementor-drop-cap-view-default) .elementor-drop-cap{margin-top:8px}.elementor-widget-text-editor:not(.elementor-drop-cap-view-default) .elementor-drop-cap-letter{width:1em;height:1em}.elementor-widget-text-editor .elementor-drop-cap{float:left;text-align:center;line-height:1;font-size:50px}.elementor-widget-text-editor .elementor-drop-cap-letter{display:inline-block}<\/style>\t\t\t\t<p>Send us a message via this contact form and we will inform you about the selected seminar topic as soon as dates are scheduled.<\/p>\t\t\t\t\t\t<\/div>\n\t\t\t\t<\/div>\n\t\t\t\t\t<\/div>\n\t\t<\/div>\n\t\t\t\t\t\t\t<\/div>\n\t\t<\/section>\n\t\t\t\t<section class=\"elementor-section elementor-top-section elementor-element elementor-element-228cc10 elementor-section-content-middle elementor-section-boxed elementor-section-height-default elementor-section-height-default\" data-id=\"228cc10\" data-element_type=\"section\">\n\t\t\t\t\t\t<div class=\"elementor-container elementor-column-gap-no\">\n\t\t\t\t\t<div class=\"elementor-column elementor-col-50 elementor-top-column elementor-element elementor-element-42e9005\" data-id=\"42e9005\" data-element_type=\"column\">\n\t\t\t<div class=\"elementor-widget-wrap elementor-element-populated\">\n\t\t\t\t\t\t\t\t<div class=\"elementor-element elementor-element-76ccf0d elementor-widget elementor-widget-heading\" data-id=\"76ccf0d\" data-element_type=\"widget\" data-widget_type=\"heading.default\">\n\t\t\t\t<div class=\"elementor-widget-container\">\n\t\t\t<h2 class=\"elementor-heading-title elementor-size-default\">Questions?<\/h2>\t\t<\/div>\n\t\t\t\t<\/div>\n\t\t\t\t<div class=\"elementor-element elementor-element-2935229 elementor-widget elementor-widget-text-editor\" data-id=\"2935229\" data-element_type=\"widget\" data-widget_type=\"text-editor.default\">\n\t\t\t\t<div class=\"elementor-widget-container\">\n\t\t\t\t\t\t\t<p>Here you have the possibility to send your request directly to us or to contact us by phone.<\/p>\t\t\t\t\t\t<\/div>\n\t\t\t\t<\/div>\n\t\t\t\t<div class=\"elementor-element elementor-element-d5a2819 elementor-widget elementor-widget-heading\" data-id=\"d5a2819\" data-element_type=\"widget\" data-widget_type=\"heading.default\">\n\t\t\t\t<div class=\"elementor-widget-container\">\n\t\t\t<h4 class=\"elementor-heading-title elementor-size-default\">Telefon:<\/h4>\t\t<\/div>\n\t\t\t\t<\/div>\n\t\t\t\t<div class=\"elementor-element elementor-element-0b8f678 elementor-widget elementor-widget-heading\" data-id=\"0b8f678\" data-element_type=\"widget\" data-widget_type=\"heading.default\">\n\t\t\t\t<div class=\"elementor-widget-container\">\n\t\t\t<div class=\"elementor-heading-title elementor-size-default\"><a href=\"#\">+49 (0) 171 9356142<\/a><\/div>\t\t<\/div>\n\t\t\t\t<\/div>\n\t\t\t\t<div class=\"elementor-element elementor-element-50ae007 elementor-widget elementor-widget-heading\" data-id=\"50ae007\" data-element_type=\"widget\" data-widget_type=\"heading.default\">\n\t\t\t\t<div class=\"elementor-widget-container\">\n\t\t\t<h4 class=\"elementor-heading-title elementor-size-default\">E-Mail:<\/h4>\t\t<\/div>\n\t\t\t\t<\/div>\n\t\t\t\t<div class=\"elementor-element elementor-element-ec6e0b8 elementor-widget elementor-widget-heading\" data-id=\"ec6e0b8\" data-element_type=\"widget\" data-widget_type=\"heading.default\">\n\t\t\t\t<div class=\"elementor-widget-container\">\n\t\t\t<div class=\"elementor-heading-title elementor-size-default\">contact@soc-consulting-group.com<\/div>\t\t<\/div>\n\t\t\t\t<\/div>\n\t\t\t\t<div class=\"elementor-element elementor-element-791475b elementor-widget elementor-widget-heading\" data-id=\"791475b\" data-element_type=\"widget\" data-widget_type=\"heading.default\">\n\t\t\t\t<div class=\"elementor-widget-container\">\n\t\t\t<h4 class=\"elementor-heading-title elementor-size-medium\">Adress: <p\/>\nHolstenstra\u00dfe 108, 22767 Hamburg<\/h4>\t\t<\/div>\n\t\t\t\t<\/div>\n\t\t\t\t<div class=\"elementor-element elementor-element-7535827 elementor-absolute elementor-widget elementor-widget-image\" data-id=\"7535827\" data-element_type=\"widget\" data-settings=\"{&quot;_position&quot;:&quot;absolute&quot;}\" data-widget_type=\"image.default\">\n\t\t\t\t<div class=\"elementor-widget-container\">\n\t\t\t<style>\/*! elementor - v3.5.3 - 28-12-2021 *\/\n.elementor-widget-image{text-align:center}.elementor-widget-image a{display:inline-block}.elementor-widget-image a img[src$=\".svg\"]{width:48px}.elementor-widget-image img{vertical-align:middle;display:inline-block}<\/style>\t\t\t\t\t\t\t\t\t\t\t\t<img loading=\"lazy\" decoding=\"async\" width=\"973\" height=\"1011\" src=\"https:\/\/soc-consulting-group.com\/wp-content\/uploads\/2021\/08\/2.png\" class=\"attachment-large size-large\" alt=\"\" srcset=\"https:\/\/soc-consulting-group.com\/wp-content\/uploads\/2021\/08\/2.png 973w, https:\/\/soc-consulting-group.com\/wp-content\/uploads\/2021\/08\/2-289x300.png 289w, https:\/\/soc-consulting-group.com\/wp-content\/uploads\/2021\/08\/2-768x798.png 768w\" sizes=\"auto, (max-width: 973px) 100vw, 973px\" \/>\t\t\t\t\t\t\t\t\t\t\t\t\t\t\t<\/div>\n\t\t\t\t<\/div>\n\t\t\t\t<div class=\"elementor-element elementor-element-c08c098 elementor-absolute elementor-widget elementor-widget-image\" data-id=\"c08c098\" data-element_type=\"widget\" data-settings=\"{&quot;_position&quot;:&quot;absolute&quot;}\" data-widget_type=\"image.default\">\n\t\t\t\t<div class=\"elementor-widget-container\">\n\t\t\t\t\t\t\t\t\t\t\t\t\t\t\t<img loading=\"lazy\" decoding=\"async\" width=\"1013\" height=\"1024\" src=\"https:\/\/soc-consulting-group.com\/wp-content\/uploads\/2021\/08\/1-1013x1024.png\" class=\"attachment-large size-large\" alt=\"\" srcset=\"https:\/\/soc-consulting-group.com\/wp-content\/uploads\/2021\/08\/1-1013x1024.png 1013w, https:\/\/soc-consulting-group.com\/wp-content\/uploads\/2021\/08\/1-297x300.png 297w, https:\/\/soc-consulting-group.com\/wp-content\/uploads\/2021\/08\/1-768x776.png 768w, https:\/\/soc-consulting-group.com\/wp-content\/uploads\/2021\/08\/1.png 1026w\" sizes=\"auto, (max-width: 1013px) 100vw, 1013px\" \/>\t\t\t\t\t\t\t\t\t\t\t\t\t\t\t<\/div>\n\t\t\t\t<\/div>\n\t\t\t\t\t<\/div>\n\t\t<\/div>\n\t\t\t\t<div class=\"elementor-column elementor-col-50 elementor-top-column elementor-element elementor-element-5af3447\" data-id=\"5af3447\" data-element_type=\"column\" data-settings=\"{&quot;background_background&quot;:&quot;classic&quot;}\">\n\t\t\t<div class=\"elementor-widget-wrap elementor-element-populated\">\n\t\t\t\t\t\t\t\t<div class=\"elementor-element elementor-element-7be03e7 elementor-widget elementor-widget-premium-contact-form\" data-id=\"7be03e7\" data-element_type=\"widget\" data-widget_type=\"premium-contact-form.default\">\n\t\t\t\t<div class=\"elementor-widget-container\">\n\t\t\t\r\n\t\t\t<div class=\"premium-cf7-container\">\r\n\t\t\t\t<div role=\"form\" class=\"wpcf7\" id=\"wpcf7-f27155-o1\" lang=\"de-DE\" dir=\"ltr\">\n<div class=\"screen-reader-response\"><p role=\"status\" aria-live=\"polite\" aria-atomic=\"true\"><\/p> <ul><\/ul><\/div>\n<form action=\"\/en\/wp-json\/wp\/v2\/pages\/27167#wpcf7-f27155-o1\" method=\"post\" class=\"wpcf7-form init\" novalidate=\"novalidate\" data-status=\"init\" data-trp-original-action=\"\/en\/wp-json\/wp\/v2\/pages\/27167#wpcf7-f27155-o1\">\n<div style=\"display: none;\">\n<input type=\"hidden\" name=\"_wpcf7\" value=\"27155\" \/>\n<input type=\"hidden\" name=\"_wpcf7_version\" value=\"5.5.4\" \/>\n<input type=\"hidden\" name=\"_wpcf7_locale\" value=\"de_DE\" \/>\n<input type=\"hidden\" name=\"_wpcf7_unit_tag\" value=\"wpcf7-f27155-o1\" \/>\n<input type=\"hidden\" name=\"_wpcf7_container_post\" value=\"0\" \/>\n<input type=\"hidden\" name=\"_wpcf7_posted_data_hash\" value=\"\" \/>\n<\/div>\n<p><span class=\"wpcf7-form-control-wrap name-1\"><input type=\"text\" name=\"name-1\" value=\"\" size=\"40\" class=\"wpcf7-form-control wpcf7-text wpcf7-validates-as-required\" aria-required=\"true\" aria-invalid=\"false\" placeholder=\"Your last Name*\" \/><\/span><\/p>\n<p><span class=\"wpcf7-form-control-wrap vorname\"><input type=\"text\" name=\"vorname\" value=\"\" size=\"40\" class=\"wpcf7-form-control wpcf7-text wpcf7-validates-as-required\" aria-required=\"true\" aria-invalid=\"false\" placeholder=\"Your first Name*\" \/><\/span><\/p>\n<p><span class=\"wpcf7-form-control-wrap email-462\"><input type=\"email\" name=\"email-462\" value=\"\" size=\"40\" class=\"wpcf7-form-control wpcf7-text wpcf7-email wpcf7-validates-as-required wpcf7-validates-as-email\" aria-required=\"true\" aria-invalid=\"false\" placeholder=\"Your E-Mail*\" \/><\/span><\/p>\n<p>Sie haben Interesse am Seminar:<\/p>\n<p><span class=\"wpcf7-form-control-wrap Seminarthemen\"><span class=\"wpcf7-form-control wpcf7-radio\"><span class=\"wpcf7-list-item first\"><label><input type=\"radio\" name=\"Seminarthemen\" value=\"F\u00fchrungskr\u00e4fteentwicklung\" checked=\"checked\" \/><span class=\"wpcf7-list-item-label\">Executive Development<\/span><\/label><\/span><span class=\"wpcf7-list-item\"><label><input type=\"radio\" name=\"Seminarthemen\" value=\"Organisationsentwicklung\" \/><span class=\"wpcf7-list-item-label\">Organizational Development<\/span><\/label><\/span><span class=\"wpcf7-list-item\"><label><input type=\"radio\" name=\"Seminarthemen\" value=\"Teamentwicklung\" \/><span class=\"wpcf7-list-item-label\">Team Development<\/span><\/label><\/span><span class=\"wpcf7-list-item last\"><label><input type=\"radio\" name=\"Seminarthemen\" value=\"Sonstiges\" \/><span class=\"wpcf7-list-item-label\">Sonstiges<\/span><\/label><\/span><\/span><\/span><\/p>\n<p><span class=\"wpcf7-form-control-wrap textarea-333\"><textarea name=\"textarea-333\" cols=\"40\" rows=\"10\" class=\"wpcf7-form-control wpcf7-textarea wpcf7-validates-as-required\" aria-required=\"true\" aria-invalid=\"false\" placeholder=\"Teilen Sie uns gerne genauer mit, f\u00fcr welches Stichwort Sie sich interessieren, z.B. Resilienz\"><\/textarea><\/span><\/p>\n<p><span class=\"wpcf7-form-control-wrap tel-182\"><input type=\"tel\" name=\"tel-182\" value=\"\" size=\"40\" class=\"wpcf7-form-control wpcf7-text wpcf7-tel wpcf7-validates-as-tel\" aria-invalid=\"false\" placeholder=\"Phone Number\" \/><\/span><\/p>\n<p>When is the best time to reach you by phone?<\/p>\n<p><span class=\"wpcf7-form-control-wrap checkbox-361\"><span class=\"wpcf7-form-control wpcf7-checkbox\"><span class=\"wpcf7-list-item first\"><label><input type=\"checkbox\" name=\"checkbox-361[]\" value=\"9-12 Uhr\" \/><span class=\"wpcf7-list-item-label\">9-12 a.m.<\/span><\/label><\/span><span class=\"wpcf7-list-item\"><label><input type=\"checkbox\" name=\"checkbox-361[]\" value=\"12-15 Uhr\" \/><span class=\"wpcf7-list-item-label\">0 - 3 p.m.<\/span><\/label><\/span><span class=\"wpcf7-list-item\"><label><input type=\"checkbox\" name=\"checkbox-361[]\" value=\"15-18 Uhr\" \/><span class=\"wpcf7-list-item-label\">3 - 6 p.m.<\/span><\/label><\/span><span class=\"wpcf7-list-item\"><label><input type=\"checkbox\" name=\"checkbox-361[]\" value=\"18-20 Uhr\" \/><span class=\"wpcf7-list-item-label\">6 - 8 p.m.<\/span><\/label><\/span><span class=\"wpcf7-list-item last\"><label><input type=\"checkbox\" name=\"checkbox-361[]\" value=\"20-22 Uhr\" \/><span class=\"wpcf7-list-item-label\">8 - 10 p.m.<\/span><\/label><\/span><\/span><\/span><\/p>\n<p><span class=\"wpcf7-form-control-wrap acceptance-159\"><span class=\"wpcf7-form-control wpcf7-acceptance optional\"><span class=\"wpcf7-list-item\"><label><input type=\"checkbox\" name=\"acceptance-159\" value=\"1\" aria-invalid=\"false\" \/><span class=\"wpcf7-list-item-label\">We will treat your information with care and respect. For more information about our privacy practices, please visit our website at <a href=\"https:\/\/soc-consulting-group.com\/en\/datenschutz\/\" target=\"_blank\">Privacy Notice<\/a>.<\/span><\/label><\/span><\/span><\/span><\/p>\n<p><span id=\"wpcf7-69f4a8cc8cd16-wrapper\" class=\"wpcf7-form-control-wrap potti-669-wrap\" ><label for=\"wpcf7-69f4a8cc8cd16-field\" class=\"hp-message\">Please leave this field empty.<\/label><input id=\"wpcf7-69f4a8cc8cd16-field\"  class=\"wpcf7-form-control wpcf7-text\" type=\"text\" name=\"potti-669\" value=\"\" size=\"40\" tabindex=\"-1\" autocomplete=\"new-password\" \/><\/span><\/p>\n<p><input type=\"submit\" value=\"Send\" class=\"wpcf7-form-control has-spinner wpcf7-submit\" \/><\/p>\n<div class=\"wpcf7-response-output\" aria-hidden=\"true\"><\/div><input type=\"hidden\" name=\"trp-form-language\" value=\"en\"\/><\/form><\/div>\t\t\t<\/div>\r\n\r\n\t\t\t\t\t<\/div>\n\t\t\t\t<\/div>\n\t\t\t\t<div class=\"elementor-element elementor-element-b4a6064 elementor-widget elementor-widget-text-editor\" data-id=\"b4a6064\" data-element_type=\"widget\" data-widget_type=\"text-editor.default\">\n\t\t\t\t<div class=\"elementor-widget-container\">\n\t\t\t\t\t\t\t<p>* These fields are required<\/p>\t\t\t\t\t\t<\/div>\n\t\t\t\t<\/div>\n\t\t\t\t\t<\/div>\n\t\t<\/div>\n\t\t\t\t\t\t\t<\/div>\n\t\t<\/section>\n\t\t\t\t<section class=\"elementor-section elementor-top-section elementor-element elementor-element-fea7054 elementor-section-boxed elementor-section-height-default elementor-section-height-default\" data-id=\"fea7054\" data-element_type=\"section\">\n\t\t\t\t\t\t<div class=\"elementor-container elementor-column-gap-default\">\n\t\t\t\t\t<div class=\"elementor-column elementor-col-50 elementor-top-column elementor-element elementor-element-56f2ef7\" data-id=\"56f2ef7\" data-element_type=\"column\">\n\t\t\t<div class=\"elementor-widget-wrap elementor-element-populated\">\n\t\t\t\t\t\t\t\t<div class=\"elementor-element elementor-element-43639e2 elementor-widget elementor-widget-heading\" data-id=\"43639e2\" data-element_type=\"widget\" data-widget_type=\"heading.default\">\n\t\t\t\t<div class=\"elementor-widget-container\">\n\t\t\t<h3 class=\"elementor-heading-title elementor-size-default\">Newsletter<\/h3>\t\t<\/div>\n\t\t\t\t<\/div>\n\t\t\t\t<div class=\"elementor-element elementor-element-7ce84cd elementor-widget elementor-widget-heading\" data-id=\"7ce84cd\" data-element_type=\"widget\" data-widget_type=\"heading.default\">\n\t\t\t\t<div class=\"elementor-widget-container\">\n\t\t\t<h2 class=\"elementor-heading-title elementor-size-default\">Impulses &amp; News<\/h2>\t\t<\/div>\n\t\t\t\t<\/div>\n\t\t\t\t<div class=\"elementor-element elementor-element-08765e6 elementor-widget elementor-widget-text-editor\" data-id=\"08765e6\" data-element_type=\"widget\" data-widget_type=\"text-editor.default\">\n\t\t\t\t<div class=\"elementor-widget-container\">\n\t\t\t\t\t\t\t<p>Stay informed about current promotions and get impulses conveniently in your email inbox.<\/p><p>SOC Consulting Group takes care to share only relevant content.<\/p><p>If you are interested, please subscribe to our mailing list on the right. Thank you in advance!<\/p>\t\t\t\t\t\t<\/div>\n\t\t\t\t<\/div>\n\t\t\t\t\t<\/div>\n\t\t<\/div>\n\t\t\t\t<div class=\"elementor-column elementor-col-50 elementor-top-column elementor-element elementor-element-e549bb2\" data-id=\"e549bb2\" data-element_type=\"column\">\n\t\t\t<div class=\"elementor-widget-wrap elementor-element-populated\">\n\t\t\t\t\t\t\t\t<div class=\"elementor-element elementor-element-bb1f9ea elementor-widget elementor-widget-shortcode\" data-id=\"bb1f9ea\" data-element_type=\"widget\" data-widget_type=\"shortcode.default\">\n\t\t\t\t<div class=\"elementor-widget-container\">\n\t\t\t\t\t<div class=\"elementor-shortcode\"><script>(function() {\n\twindow.mc4wp = window.mc4wp || {\n\t\tlisteners: [],\n\t\tforms: {\n\t\t\ton: function(evt, cb) {\n\t\t\t\twindow.mc4wp.listeners.push(\n\t\t\t\t\t{\n\t\t\t\t\t\tevent   : evt,\n\t\t\t\t\t\tcallback: cb\n\t\t\t\t\t}\n\t\t\t\t);\n\t\t\t}\n\t\t}\n\t}\n})();\n<\/script><!-- Mailchimp for WordPress v4.8.6 - https:\/\/wordpress.org\/plugins\/mailchimp-for-wp\/ --><form id=\"mc4wp-form-1\" class=\"mc4wp-form mc4wp-form-25238\" method=\"post\" data-id=\"25238\" data-name=\"SOC Form\" action=\"\" ><div class=\"mc4wp-form-fields\"><p>\r\n\t<label><p>\r\n      <input type=\"text\" name=\"FNAME\" placeholder=\"First Name\">&nbsp;&nbsp;&nbsp;\r\n   <input type=\"email\" name=\"EMAIL\" placeholder=\"Your E-Mail Adress*\" required \/>\r\n    \r\n<\/p>\r\n<p>\r\n    <label>\r\n        <input name=\"AGREE_TO_TERMS\" type=\"checkbox\" value=\"1\" required=\"\"> Yes, I would like to subscribe to the newsletter with topics on personality, executive and organizational development, seminars and appointments.<p>\r\n      \r\n      <\/p><font size=\"1\">Hinweise zu der von der\r\n        Einwilligung mitumfassten Erfolgsmessung, dem Einsatz des Versanddienstleisters\r\n        MailChimp, Protokollierung der Anmeldung und der Widerrufsrechten erhalten\r\n        Sie in unserer <a href=\"https:\/\/soc-consulting-group.com\/en\/datenschutz\/\"\r\n                          target=\"_blank\">privacy policy<\/a>.<p><p>\r\n      \r\n      <\/p>\r\n      The fields marked with * are mandatory\r\n      <\/p><\/font><\/label>\r\n<\/p>\r\n      \r\n\r\n\t\t\r\n<\/label>\r\n<\/p>\r\n\r\n<p>\r\n\t<input type=\"submit\" value=\"Subscribe now\" \/>\r\n<\/p><\/div><label style=\"display: none !important;\">Leave this field empty if you're human: <input type=\"text\" name=\"_mc4wp_honeypot\" value=\"\" tabindex=\"-1\" autocomplete=\"off\" \/><\/label><input type=\"hidden\" name=\"_mc4wp_timestamp\" value=\"1777641676\" \/><input type=\"hidden\" name=\"_mc4wp_form_id\" value=\"25238\" \/><input type=\"hidden\" name=\"_mc4wp_form_element_id\" value=\"mc4wp-form-1\" \/><div class=\"mc4wp-response\"><\/div><input type=\"hidden\" name=\"trp-form-language\" value=\"en\"\/><\/form><!-- \/ Mailchimp for WordPress Plugin --><\/div>\n\t\t\t\t<\/div>\n\t\t\t\t<\/div>\n\t\t\t\t\t<\/div>\n\t\t<\/div>\n\t\t\t\t\t\t\t<\/div>\n\t\t<\/section>\n\t\t\t\t\t\t<\/div>\n\t\t\t\t\t<\/div>","protected":false},"excerpt":{"rendered":"<p>Interesse am Seminar Senden Sie uns \u00fcber dieses Kontaktformular eine Nachricht und wir informieren Sie zum ausgew\u00e4hlten Seminarthema sobald Termine geplant sind. Sie haben Fragen? Hier haben Sie die M\u00f6glichkeit Ihr Anliegen direkt an uns zu senden oder uns per Telefon zu kontaktieren. Telefon: +49 (0) 171 9356142 E-Mail: contact@soc-consulting-group.com Adresse: Holstenstra\u00dfe 108, 22767 Hamburg &hellip;<\/p>\n<p class=\"read-more\"> <a class=\"\" href=\"https:\/\/soc-consulting-group.com\/en\/interesse-am-seminar-kontakt\/\"> <span class=\"screen-reader-text\">Interest in the seminar<\/span> Read More &raquo;<\/a><\/p>","protected":false},"author":2,"featured_media":0,"parent":0,"menu_order":0,"comment_status":"closed","ping_status":"closed","template":"","meta":{"site-sidebar-layout":"no-sidebar","site-content-layout":"page-builder","ast-main-header-display":"","ast-hfb-above-header-display":"","ast-hfb-below-header-display":"","ast-hfb-mobile-header-display":"","site-post-title":"disabled","ast-breadcrumbs-content":"","ast-featured-img":"disabled","footer-sml-layout":"","theme-transparent-header-meta":"default","adv-header-id-meta":"","stick-header-meta":"","header-above-stick-meta":"","header-main-stick-meta":"","header-below-stick-meta":"","footnotes":""},"class_list":["post-27167","page","type-page","status-publish","hentry"],"_links":{"self":[{"href":"https:\/\/soc-consulting-group.com\/en\/wp-json\/wp\/v2\/pages\/27167","targetHints":{"allow":["GET"]}}],"collection":[{"href":"https:\/\/soc-consulting-group.com\/en\/wp-json\/wp\/v2\/pages"}],"about":[{"href":"https:\/\/soc-consulting-group.com\/en\/wp-json\/wp\/v2\/types\/page"}],"author":[{"embeddable":true,"href":"https:\/\/soc-consulting-group.com\/en\/wp-json\/wp\/v2\/users\/2"}],"replies":[{"embeddable":true,"href":"https:\/\/soc-consulting-group.com\/en\/wp-json\/wp\/v2\/comments?post=27167"}],"version-history":[{"count":10,"href":"https:\/\/soc-consulting-group.com\/en\/wp-json\/wp\/v2\/pages\/27167\/revisions"}],"predecessor-version":[{"id":27451,"href":"https:\/\/soc-consulting-group.com\/en\/wp-json\/wp\/v2\/pages\/27167\/revisions\/27451"}],"wp:attachment":[{"href":"https:\/\/soc-consulting-group.com\/en\/wp-json\/wp\/v2\/media?parent=27167"}],"curies":[{"name":"wp","href":"https:\/\/api.w.org\/{rel}","templated":true}]}}