{"id":25025,"date":"2021-09-16T22:30:55","date_gmt":"2021-09-16T20:30:55","guid":{"rendered":"https:\/\/soc-consulting-group.com\/?page_id=25025"},"modified":"2021-09-16T22:34:03","modified_gmt":"2021-09-16T20:34:03","slug":"rechtliche-hinweise","status":"publish","type":"page","link":"https:\/\/soc-consulting-group.com\/en\/rechtliche-hinweise\/","title":{"rendered":"Legal Notice"},"content":{"rendered":"<div data-elementor-type=\"wp-page\" data-elementor-id=\"25025\" class=\"elementor elementor-25025\" data-elementor-settings=\"[]\">\n\t\t\t\t\t\t\t<div class=\"elementor-section-wrap\">\n\t\t\t\t\t\t\t<section class=\"elementor-section elementor-top-section elementor-element elementor-element-59a89db elementor-section-boxed elementor-section-height-default elementor-section-height-default\" data-id=\"59a89db\" data-element_type=\"section\">\n\t\t\t\t\t\t<div class=\"elementor-container elementor-column-gap-no\">\n\t\t\t\t\t<div class=\"elementor-column elementor-col-100 elementor-top-column elementor-element elementor-element-c563e3d\" data-id=\"c563e3d\" data-element_type=\"column\">\n\t\t\t<div class=\"elementor-widget-wrap elementor-element-populated\">\n\t\t\t\t\t\t\t\t<div class=\"elementor-element elementor-element-fe9890c elementor-widget elementor-widget-heading\" data-id=\"fe9890c\" data-element_type=\"widget\" data-widget_type=\"heading.default\">\n\t\t\t\t<div class=\"elementor-widget-container\">\n\t\t\t<style>\/*! elementor - v3.5.3 - 28-12-2021 *\/\n.elementor-heading-title{padding:0;margin:0;line-height:1}.elementor-widget-heading .elementor-heading-title[class*=elementor-size-]>a{color:inherit;font-size:inherit;line-height:inherit}.elementor-widget-heading .elementor-heading-title.elementor-size-small{font-size:15px}.elementor-widget-heading .elementor-heading-title.elementor-size-medium{font-size:19px}.elementor-widget-heading .elementor-heading-title.elementor-size-large{font-size:29px}.elementor-widget-heading .elementor-heading-title.elementor-size-xl{font-size:39px}.elementor-widget-heading .elementor-heading-title.elementor-size-xxl{font-size:59px}<\/style><h1 class=\"elementor-heading-title elementor-size-default\">Legal Notice<\/h1>\t\t<\/div>\n\t\t\t\t<\/div>\n\t\t\t\t\t<\/div>\n\t\t<\/div>\n\t\t\t\t\t\t\t<\/div>\n\t\t<\/section>\n\t\t\t\t<section class=\"elementor-section elementor-top-section elementor-element elementor-element-bf5a2a6 elementor-section-boxed elementor-section-height-default elementor-section-height-default\" data-id=\"bf5a2a6\" data-element_type=\"section\">\n\t\t\t\t\t\t<div class=\"elementor-container elementor-column-gap-default\">\n\t\t\t\t\t<div class=\"elementor-column elementor-col-100 elementor-top-column elementor-element elementor-element-24c7046\" data-id=\"24c7046\" data-element_type=\"column\">\n\t\t\t<div class=\"elementor-widget-wrap elementor-element-populated\">\n\t\t\t\t\t\t\t\t<div class=\"elementor-element elementor-element-1133e04 elementor-widget elementor-widget-text-editor\" data-id=\"1133e04\" data-element_type=\"widget\" data-widget_type=\"text-editor.default\">\n\t\t\t\t<div class=\"elementor-widget-container\">\n\t\t\t<style>\/*! elementor - v3.5.3 - 28-12-2021 *\/\n.elementor-widget-text-editor.elementor-drop-cap-view-stacked .elementor-drop-cap{background-color:#818a91;color:#fff}.elementor-widget-text-editor.elementor-drop-cap-view-framed .elementor-drop-cap{color:#818a91;border:3px solid;background-color:transparent}.elementor-widget-text-editor:not(.elementor-drop-cap-view-default) .elementor-drop-cap{margin-top:8px}.elementor-widget-text-editor:not(.elementor-drop-cap-view-default) .elementor-drop-cap-letter{width:1em;height:1em}.elementor-widget-text-editor .elementor-drop-cap{float:left;text-align:center;line-height:1;font-size:50px}.elementor-widget-text-editor .elementor-drop-cap-letter{display:inline-block}<\/style>\t\t\t\t<p>This website and its contents are protected by law, in particular by trademark and\/or copyright, in favor of SOC Consulting Group (hereinafter \"SOC\") or, in individual cases, also in favor of third parties. <br \/><br \/>They may not be reproduced, transmitted, published, stored in an information system and\/or distributed or processed in any other way, in whole or in part, without the prior written permission of the copyright holder.<br \/><br \/>SOC does not advise you on this website, and no consulting relationship between you and SOC is established by accessing this website. Any liability or guarantee for the topicality, correctness and completeness of the data and information provided is excluded. This also applies to all other websites to which reference is made by means of a hyperlink. <br \/>The content of the linked pages is third-party content over which SOC has no control.<br \/><br \/>The information on the website in no way constitutes legal or factual assurances. <br \/><br \/>SOC reserves the right to make changes, deletions or additions to the information or data provided as required. No legal claims can be derived from the subject areas described here. Offers are non-binding in all parts.<br \/><br \/>SOC is not liable for any direct or indirect damage resulting from the use of the information or data found on this website. Rights and obligations between SOC and the user of the website or third parties do not exist. <br \/><br \/>If you would like advice from SOC or would like to use their services in any other way, please contact us directly. <br \/><br \/>All data and information on this website reflect the latest status known to SOC at the time of publication.<\/p>\t\t\t\t\t\t<\/div>\n\t\t\t\t<\/div>\n\t\t\t\t\t<\/div>\n\t\t<\/div>\n\t\t\t\t\t\t\t<\/div>\n\t\t<\/section>\n\t\t\t\t\t\t<\/div>\n\t\t\t\t\t<\/div>","protected":false},"excerpt":{"rendered":"<p>Rechtliche Hinweise Diese Website und ihre Inhalte sind rechtlich, insbesondere marken-und\/oder urheberrechtlich zugunsten der SOC Consulting Group (nachfolgend \u201eSOC\u201c) oder im Einzelfall auch zugunsten Dritter gesch\u00fctzt. Sie d\u00fcrfen weder ganz noch teilweise ohne vorherige schriftliche Genehmigung des Rechteinhabers vervielf\u00e4ltigt, weitergegeben, ver\u00f6ffentlicht, in einem Informationssystem gespeichert und\/oder in sonstiger Weise verbreitet oder verarbeitet werden. SOC ber\u00e4t &hellip;<\/p>\n<p class=\"read-more\"> <a class=\"\" href=\"https:\/\/soc-consulting-group.com\/en\/rechtliche-hinweise\/\"> <span class=\"screen-reader-text\">Legal Notice<\/span> Read More &raquo;<\/a><\/p>","protected":false},"author":1,"featured_media":0,"parent":0,"menu_order":0,"comment_status":"closed","ping_status":"closed","template":"","meta":{"site-sidebar-layout":"no-sidebar","site-content-layout":"page-builder","ast-main-header-display":"","ast-hfb-above-header-display":"","ast-hfb-below-header-display":"","ast-hfb-mobile-header-display":"","site-post-title":"disabled","ast-breadcrumbs-content":"","ast-featured-img":"disabled","footer-sml-layout":"","theme-transparent-header-meta":"default","adv-header-id-meta":"","stick-header-meta":"","header-above-stick-meta":"","header-main-stick-meta":"","header-below-stick-meta":"","footnotes":""},"class_list":["post-25025","page","type-page","status-publish","hentry"],"_links":{"self":[{"href":"https:\/\/soc-consulting-group.com\/en\/wp-json\/wp\/v2\/pages\/25025","targetHints":{"allow":["GET"]}}],"collection":[{"href":"https:\/\/soc-consulting-group.com\/en\/wp-json\/wp\/v2\/pages"}],"about":[{"href":"https:\/\/soc-consulting-group.com\/en\/wp-json\/wp\/v2\/types\/page"}],"author":[{"embeddable":true,"href":"https:\/\/soc-consulting-group.com\/en\/wp-json\/wp\/v2\/users\/1"}],"replies":[{"embeddable":true,"href":"https:\/\/soc-consulting-group.com\/en\/wp-json\/wp\/v2\/comments?post=25025"}],"version-history":[{"count":4,"href":"https:\/\/soc-consulting-group.com\/en\/wp-json\/wp\/v2\/pages\/25025\/revisions"}],"predecessor-version":[{"id":25032,"href":"https:\/\/soc-consulting-group.com\/en\/wp-json\/wp\/v2\/pages\/25025\/revisions\/25032"}],"wp:attachment":[{"href":"https:\/\/soc-consulting-group.com\/en\/wp-json\/wp\/v2\/media?parent=25025"}],"curies":[{"name":"wp","href":"https:\/\/api.w.org\/{rel}","templated":true}]}}