{"id":24994,"date":"2021-09-16T21:54:17","date_gmt":"2021-09-16T19:54:17","guid":{"rendered":"https:\/\/soc-consulting-group.com\/?page_id=24994"},"modified":"2021-11-26T10:58:31","modified_gmt":"2021-11-26T09:58:31","slug":"offene-seminare","status":"publish","type":"page","link":"https:\/\/soc-consulting-group.com\/en\/offene-seminare\/","title":{"rendered":"Open Seminars"},"content":{"rendered":"<div data-elementor-type=\"wp-page\" data-elementor-id=\"24994\" class=\"elementor elementor-24994\" data-elementor-settings=\"[]\">\n\t\t\t\t\t\t\t<div class=\"elementor-section-wrap\">\n\t\t\t\t\t\t\t<section class=\"elementor-section elementor-top-section elementor-element elementor-element-b3cd76d elementor-section-height-min-height elementor-section-boxed elementor-section-height-default elementor-section-items-middle elementor-invisible\" data-id=\"b3cd76d\" data-element_type=\"section\" data-settings=\"{&quot;background_background&quot;:&quot;classic&quot;,&quot;animation&quot;:&quot;fadeIn&quot;}\">\n\t\t\t\t\t\t\t<div class=\"elementor-background-overlay\"><\/div>\n\t\t\t\t\t\t\t<div class=\"elementor-container elementor-column-gap-no\">\n\t\t\t\t\t<div class=\"elementor-column elementor-col-100 elementor-top-column elementor-element elementor-element-7309748\" data-id=\"7309748\" data-element_type=\"column\" data-settings=\"{&quot;background_background&quot;:&quot;classic&quot;}\">\n\t\t\t<div class=\"elementor-widget-wrap elementor-element-populated\">\n\t\t\t\t\t<div class=\"elementor-background-overlay\"><\/div>\n\t\t\t\t\t\t\t\t<div class=\"elementor-element elementor-element-c1c9d3c elementor-widget elementor-widget-heading\" data-id=\"c1c9d3c\" data-element_type=\"widget\" data-widget_type=\"heading.default\">\n\t\t\t\t<div class=\"elementor-widget-container\">\n\t\t\t<style>\/*! elementor - v3.5.3 - 28-12-2021 *\/\n.elementor-heading-title{padding:0;margin:0;line-height:1}.elementor-widget-heading .elementor-heading-title[class*=elementor-size-]>a{color:inherit;font-size:inherit;line-height:inherit}.elementor-widget-heading .elementor-heading-title.elementor-size-small{font-size:15px}.elementor-widget-heading .elementor-heading-title.elementor-size-medium{font-size:19px}.elementor-widget-heading .elementor-heading-title.elementor-size-large{font-size:29px}.elementor-widget-heading .elementor-heading-title.elementor-size-xl{font-size:39px}.elementor-widget-heading .elementor-heading-title.elementor-size-xxl{font-size:59px}<\/style><h1 class=\"elementor-heading-title elementor-size-default\">Open Seminars<\/h1>\t\t<\/div>\n\t\t\t\t<\/div>\n\t\t\t\t<div class=\"elementor-element elementor-element-c87e7a7 elementor-widget elementor-widget-text-editor\" data-id=\"c87e7a7\" data-element_type=\"widget\" data-widget_type=\"text-editor.default\">\n\t\t\t\t<div class=\"elementor-widget-container\">\n\t\t\t<style>\/*! elementor - v3.5.3 - 28-12-2021 *\/\n.elementor-widget-text-editor.elementor-drop-cap-view-stacked .elementor-drop-cap{background-color:#818a91;color:#fff}.elementor-widget-text-editor.elementor-drop-cap-view-framed .elementor-drop-cap{color:#818a91;border:3px solid;background-color:transparent}.elementor-widget-text-editor:not(.elementor-drop-cap-view-default) .elementor-drop-cap{margin-top:8px}.elementor-widget-text-editor:not(.elementor-drop-cap-view-default) .elementor-drop-cap-letter{width:1em;height:1em}.elementor-widget-text-editor .elementor-drop-cap{float:left;text-align:center;line-height:1;font-size:50px}.elementor-widget-text-editor .elementor-drop-cap-letter{display:inline-block}<\/style>\t\t\t\t<p>Support employees in their individual and professional development.<\/p><p>You can also benefit from the input of other participants or use our seminars as in-house seminars for uniform knowledge transfer and team building.<\/p>\t\t\t\t\t\t<\/div>\n\t\t\t\t<\/div>\n\t\t\t\t<div class=\"elementor-element elementor-element-3a02ff4 elementor-absolute elementor-widget__width-auto elementor-widget elementor-widget-image\" data-id=\"3a02ff4\" data-element_type=\"widget\" data-settings=\"{&quot;_position&quot;:&quot;absolute&quot;}\" data-widget_type=\"image.default\">\n\t\t\t\t<div class=\"elementor-widget-container\">\n\t\t\t<style>\/*! elementor - v3.5.3 - 28-12-2021 *\/\n.elementor-widget-image{text-align:center}.elementor-widget-image a{display:inline-block}.elementor-widget-image a img[src$=\".svg\"]{width:48px}.elementor-widget-image img{vertical-align:middle;display:inline-block}<\/style>\t\t\t\t\t\t\t\t\t\t\t\t<img loading=\"lazy\" decoding=\"async\" width=\"1013\" height=\"1024\" src=\"https:\/\/soc-consulting-group.com\/wp-content\/uploads\/2021\/08\/1-1013x1024.png\" class=\"attachment-large size-large\" alt=\"\" srcset=\"https:\/\/soc-consulting-group.com\/wp-content\/uploads\/2021\/08\/1-1013x1024.png 1013w, https:\/\/soc-consulting-group.com\/wp-content\/uploads\/2021\/08\/1-297x300.png 297w, https:\/\/soc-consulting-group.com\/wp-content\/uploads\/2021\/08\/1-768x776.png 768w, https:\/\/soc-consulting-group.com\/wp-content\/uploads\/2021\/08\/1.png 1026w\" sizes=\"auto, (max-width: 1013px) 100vw, 1013px\" \/>\t\t\t\t\t\t\t\t\t\t\t\t\t\t\t<\/div>\n\t\t\t\t<\/div>\n\t\t\t\t\t<\/div>\n\t\t<\/div>\n\t\t\t\t\t\t\t<\/div>\n\t\t<\/section>\n\t\t\t\t<section class=\"elementor-section elementor-top-section elementor-element elementor-element-cc12821 elementor-section-boxed elementor-section-height-default elementor-section-height-default\" data-id=\"cc12821\" data-element_type=\"section\">\n\t\t\t\t\t\t<div class=\"elementor-container elementor-column-gap-default\">\n\t\t\t\t\t<div class=\"elementor-column elementor-col-100 elementor-top-column elementor-element elementor-element-7b9953f\" data-id=\"7b9953f\" data-element_type=\"column\">\n\t\t\t<div class=\"elementor-widget-wrap elementor-element-populated\">\n\t\t\t\t\t\t\t\t<div class=\"elementor-element elementor-element-8d4993b elementor-widget elementor-widget-text-editor\" data-id=\"8d4993b\" data-element_type=\"widget\" data-widget_type=\"text-editor.default\">\n\t\t\t\t<div class=\"elementor-widget-container\">\n\t\t\t\t\t\t\t<p class=\" translation-block\">As a seminar provider, we distinguish ourselves through our consolidated expertise, which we transmit to your executives and teams in targeted training sessions - in this way, we combine personal development and professional training for the people in your company in our seminars.<\/p>\t\t\t\t\t\t<\/div>\n\t\t\t\t<\/div>\n\t\t\t\t<div class=\"elementor-element elementor-element-9c54a2b elementor-widget elementor-widget-text-editor\" data-id=\"9c54a2b\" data-element_type=\"widget\" data-widget_type=\"text-editor.default\">\n\t\t\t\t<div class=\"elementor-widget-container\">\n\t\t\t\t\t\t\t<p>For our open seminars you have a <strong><em>competent Team of Trainers<\/em><\/strong> at your disposal. Our experts support you in the field of development of individuals, teams, executives  and organizations:<\/p>\t\t\t\t\t\t<\/div>\n\t\t\t\t<\/div>\n\t\t\t\t<div class=\"elementor-element elementor-element-c8d255e elementor-widget elementor-widget-spacer\" data-id=\"c8d255e\" data-element_type=\"widget\" data-widget_type=\"spacer.default\">\n\t\t\t\t<div class=\"elementor-widget-container\">\n\t\t\t\t\t<div class=\"elementor-spacer\">\n\t\t\t<div class=\"elementor-spacer-inner\"><\/div>\n\t\t<\/div>\n\t\t\t\t<\/div>\n\t\t\t\t<\/div>\n\t\t\t\t<div class=\"elementor-element elementor-element-9ded9b8 elementor-widget elementor-widget-image\" data-id=\"9ded9b8\" data-element_type=\"widget\" data-widget_type=\"image.default\">\n\t\t\t\t<div class=\"elementor-widget-container\">\n\t\t\t\t\t\t\t\t\t\t\t\t\t\t\t\t<a href=\"https:\/\/soc-consulting-group.com\/wp-content\/uploads\/2021\/11\/SOC-Seminare-deutsch.png\" data-elementor-open-lightbox=\"yes\" data-elementor-lightbox-title=\"SOC Seminare deutsch\">\n\t\t\t\t\t\t\t<img loading=\"lazy\" decoding=\"async\" width=\"1024\" height=\"576\" src=\"https:\/\/soc-consulting-group.com\/wp-content\/uploads\/2021\/11\/SOC-Seminare-deutsch-1024x576.png\" class=\"attachment-large size-large\" alt=\"SOC Seminarangebot\" srcset=\"https:\/\/soc-consulting-group.com\/wp-content\/uploads\/2021\/11\/SOC-Seminare-deutsch-1024x576.png 1024w, https:\/\/soc-consulting-group.com\/wp-content\/uploads\/2021\/11\/SOC-Seminare-deutsch-300x169.png 300w, https:\/\/soc-consulting-group.com\/wp-content\/uploads\/2021\/11\/SOC-Seminare-deutsch-768x432.png 768w, https:\/\/soc-consulting-group.com\/wp-content\/uploads\/2021\/11\/SOC-Seminare-deutsch-1536x864.png 1536w, https:\/\/soc-consulting-group.com\/wp-content\/uploads\/2021\/11\/SOC-Seminare-deutsch-18x10.png 18w, https:\/\/soc-consulting-group.com\/wp-content\/uploads\/2021\/11\/SOC-Seminare-deutsch.png 1624w\" sizes=\"auto, (max-width: 1024px) 100vw, 1024px\" \/>\t\t\t\t\t\t\t\t<\/a>\n\t\t\t\t\t\t\t\t\t\t\t\t\t\t\t<\/div>\n\t\t\t\t<\/div>\n\t\t\t\t<div class=\"elementor-element elementor-element-1ab0f25 elementor-widget elementor-widget-text-editor\" data-id=\"1ab0f25\" data-element_type=\"widget\" data-widget_type=\"text-editor.default\">\n\t\t\t\t<div class=\"elementor-widget-container\">\n\t\t\t\t\t\t\t<p>For further information on content, venues and dates, please refer to our current seminar overview. We would also be happy to offer these seminars in-house.<\/p><p>Please contact us directly by phone or e-mail.<\/p>\t\t\t\t\t\t<\/div>\n\t\t\t\t<\/div>\n\t\t\t\t<section class=\"elementor-section elementor-inner-section elementor-element elementor-element-922e349 elementor-section-boxed elementor-section-height-default elementor-section-height-default\" data-id=\"922e349\" data-element_type=\"section\">\n\t\t\t\t\t\t<div class=\"elementor-container elementor-column-gap-default\">\n\t\t\t\t\t<div class=\"elementor-column elementor-col-50 elementor-inner-column elementor-element elementor-element-f39d479\" data-id=\"f39d479\" data-element_type=\"column\">\n\t\t\t<div class=\"elementor-widget-wrap elementor-element-populated\">\n\t\t\t\t\t\t\t\t<div class=\"elementor-element elementor-element-9fec5ff elementor-align-right elementor-mobile-align-center elementor-widget elementor-widget-button\" data-id=\"9fec5ff\" data-element_type=\"widget\" data-widget_type=\"button.default\">\n\t\t\t\t<div class=\"elementor-widget-container\">\n\t\t\t\t\t<div class=\"elementor-button-wrapper\">\n\t\t\t<a href=\"https:\/\/soc-consulting-group.com\/en\/seminare\/\" class=\"elementor-button-link elementor-button elementor-size-sm\" role=\"button\">\n\t\t\t\t\t\t<span class=\"elementor-button-content-wrapper\">\n\t\t\t\t\t\t<span class=\"elementor-button-text\">Seminars<\/span>\n\t\t<\/span>\n\t\t\t\t\t<\/a>\n\t\t<\/div>\n\t\t\t\t<\/div>\n\t\t\t\t<\/div>\n\t\t\t\t\t<\/div>\n\t\t<\/div>\n\t\t\t\t<div class=\"elementor-column elementor-col-50 elementor-inner-column elementor-element elementor-element-fe2b6f1\" data-id=\"fe2b6f1\" data-element_type=\"column\">\n\t\t\t<div class=\"elementor-widget-wrap elementor-element-populated\">\n\t\t\t\t\t\t\t\t<div class=\"elementor-element elementor-element-b4df9a3 elementor-mobile-align-center elementor-widget elementor-widget-button\" data-id=\"b4df9a3\" data-element_type=\"widget\" data-widget_type=\"button.default\">\n\t\t\t\t<div class=\"elementor-widget-container\">\n\t\t\t\t\t<div class=\"elementor-button-wrapper\">\n\t\t\t<a href=\"https:\/\/soc-consulting-group.com\/en\/kontakt\/\" class=\"elementor-button-link elementor-button elementor-size-sm\" role=\"button\">\n\t\t\t\t\t\t<span class=\"elementor-button-content-wrapper\">\n\t\t\t\t\t\t<span class=\"elementor-button-text\">Contact us<\/span>\n\t\t<\/span>\n\t\t\t\t\t<\/a>\n\t\t<\/div>\n\t\t\t\t<\/div>\n\t\t\t\t<\/div>\n\t\t\t\t\t<\/div>\n\t\t<\/div>\n\t\t\t\t\t\t\t<\/div>\n\t\t<\/section>\n\t\t\t\t\t<\/div>\n\t\t<\/div>\n\t\t\t\t\t\t\t<\/div>\n\t\t<\/section>\n\t\t\t\t<section class=\"elementor-section elementor-top-section elementor-element elementor-element-0547ee8 elementor-section-boxed elementor-section-height-default elementor-section-height-default\" data-id=\"0547ee8\" data-element_type=\"section\">\n\t\t\t\t\t\t<div class=\"elementor-container elementor-column-gap-default\">\n\t\t\t\t\t<div class=\"elementor-column elementor-col-100 elementor-top-column elementor-element elementor-element-a5f9dcc\" data-id=\"a5f9dcc\" data-element_type=\"column\">\n\t\t\t<div class=\"elementor-widget-wrap\">\n\t\t\t\t\t\t\t\t\t<\/div>\n\t\t<\/div>\n\t\t\t\t\t\t\t<\/div>\n\t\t<\/section>\n\t\t\t\t<section class=\"elementor-section elementor-top-section elementor-element elementor-element-410eac5 elementor-section-boxed elementor-section-height-default elementor-section-height-default\" data-id=\"410eac5\" data-element_type=\"section\">\n\t\t\t\t\t\t<div class=\"elementor-container elementor-column-gap-default\">\n\t\t\t\t\t<div class=\"elementor-column elementor-col-50 elementor-top-column elementor-element elementor-element-e227728\" data-id=\"e227728\" data-element_type=\"column\">\n\t\t\t<div class=\"elementor-widget-wrap elementor-element-populated\">\n\t\t\t\t\t\t\t\t<div class=\"elementor-element elementor-element-92db5da elementor-widget elementor-widget-heading\" data-id=\"92db5da\" data-element_type=\"widget\" data-widget_type=\"heading.default\">\n\t\t\t\t<div class=\"elementor-widget-container\">\n\t\t\t<h3 class=\"elementor-heading-title elementor-size-default\">Newsletter<\/h3>\t\t<\/div>\n\t\t\t\t<\/div>\n\t\t\t\t<div class=\"elementor-element elementor-element-e3e9e12 elementor-widget elementor-widget-heading\" data-id=\"e3e9e12\" data-element_type=\"widget\" data-widget_type=\"heading.default\">\n\t\t\t\t<div class=\"elementor-widget-container\">\n\t\t\t<h2 class=\"elementor-heading-title elementor-size-default\">Impulses &amp; News<\/h2>\t\t<\/div>\n\t\t\t\t<\/div>\n\t\t\t\t<div class=\"elementor-element elementor-element-f448950 elementor-widget elementor-widget-text-editor\" data-id=\"f448950\" data-element_type=\"widget\" data-widget_type=\"text-editor.default\">\n\t\t\t\t<div class=\"elementor-widget-container\">\n\t\t\t\t\t\t\t<p>Stay informed about current promotions and get impulses conveniently in your email inbox.<\/p><p>SOC Consulting Group takes care to share only relevant content.<\/p><p>If you are interested, please subscribe to our mailing list on the right. Thank you in advance!<\/p>\t\t\t\t\t\t<\/div>\n\t\t\t\t<\/div>\n\t\t\t\t\t<\/div>\n\t\t<\/div>\n\t\t\t\t<div class=\"elementor-column elementor-col-50 elementor-top-column elementor-element elementor-element-3397fa4\" data-id=\"3397fa4\" data-element_type=\"column\">\n\t\t\t<div class=\"elementor-widget-wrap elementor-element-populated\">\n\t\t\t\t\t\t\t\t<div class=\"elementor-element elementor-element-5bcdcf3 elementor-widget elementor-widget-shortcode\" data-id=\"5bcdcf3\" data-element_type=\"widget\" data-widget_type=\"shortcode.default\">\n\t\t\t\t<div class=\"elementor-widget-container\">\n\t\t\t\t\t<div class=\"elementor-shortcode\"><script>(function() {\n\twindow.mc4wp = window.mc4wp || {\n\t\tlisteners: [],\n\t\tforms: {\n\t\t\ton: function(evt, cb) {\n\t\t\t\twindow.mc4wp.listeners.push(\n\t\t\t\t\t{\n\t\t\t\t\t\tevent   : evt,\n\t\t\t\t\t\tcallback: cb\n\t\t\t\t\t}\n\t\t\t\t);\n\t\t\t}\n\t\t}\n\t}\n})();\n<\/script><!-- Mailchimp for WordPress v4.8.6 - https:\/\/wordpress.org\/plugins\/mailchimp-for-wp\/ --><form id=\"mc4wp-form-1\" class=\"mc4wp-form mc4wp-form-25238\" method=\"post\" data-id=\"25238\" data-name=\"SOC Form\" action=\"\" ><div class=\"mc4wp-form-fields\"><p>\r\n\t<label><p>\r\n      <input type=\"text\" name=\"FNAME\" placeholder=\"First Name\">&nbsp;&nbsp;&nbsp;\r\n   <input type=\"email\" name=\"EMAIL\" placeholder=\"Your E-Mail Adress*\" required \/>\r\n    \r\n<\/p>\r\n<p>\r\n    <label>\r\n        <input name=\"AGREE_TO_TERMS\" type=\"checkbox\" value=\"1\" required=\"\"> Yes, I would like to subscribe to the newsletter with topics on personality, executive and organizational development, seminars and appointments.<p>\r\n      \r\n      <\/p><font size=\"1\">Hinweise zu der von der\r\n        Einwilligung mitumfassten Erfolgsmessung, dem Einsatz des Versanddienstleisters\r\n        MailChimp, Protokollierung der Anmeldung und der Widerrufsrechten erhalten\r\n        Sie in unserer <a href=\"https:\/\/soc-consulting-group.com\/en\/datenschutz\/\"\r\n                          target=\"_blank\">privacy policy<\/a>.<p><p>\r\n      \r\n      <\/p>\r\n      The fields marked with * are mandatory\r\n      <\/p><\/font><\/label>\r\n<\/p>\r\n      \r\n\r\n\t\t\r\n<\/label>\r\n<\/p>\r\n\r\n<p>\r\n\t<input type=\"submit\" value=\"Subscribe now\" \/>\r\n<\/p><\/div><label style=\"display: none !important;\">Leave this field empty if you're human: <input type=\"text\" name=\"_mc4wp_honeypot\" value=\"\" tabindex=\"-1\" autocomplete=\"off\" \/><\/label><input type=\"hidden\" name=\"_mc4wp_timestamp\" value=\"1776866686\" \/><input type=\"hidden\" name=\"_mc4wp_form_id\" value=\"25238\" \/><input type=\"hidden\" name=\"_mc4wp_form_element_id\" value=\"mc4wp-form-1\" \/><div class=\"mc4wp-response\"><\/div><input type=\"hidden\" name=\"trp-form-language\" value=\"en\"\/><\/form><!-- \/ Mailchimp for WordPress Plugin --><\/div>\n\t\t\t\t<\/div>\n\t\t\t\t<\/div>\n\t\t\t\t\t<\/div>\n\t\t<\/div>\n\t\t\t\t\t\t\t<\/div>\n\t\t<\/section>\n\t\t\t\t\t\t<\/div>\n\t\t\t\t\t<\/div>","protected":false},"excerpt":{"rendered":"<p>Offene Seminare Unterst\u00fctzen Sie Mitarbeiter bei ihrer pers\u00f6nlichen und beruflichen Weiterentwicklung. Profitieren Sie auch vom Input der anderen Teilnehmer oder nutzen Sie unsere Seminare als Inhouse Seminare zur einheitlichen Wissensvermittlung und zur Teambildung. Als Seminaranbieter zeichnen wir uns durch geb\u00fcndeltes Fachwissen aus, welches wir an Ihre F\u00fchrungskr\u00e4fte und Teams in gezielten Trainings weitergeben \u2013 so &hellip;<\/p>\n<p class=\"read-more\"> <a class=\"\" href=\"https:\/\/soc-consulting-group.com\/en\/offene-seminare\/\"> <span class=\"screen-reader-text\">Open Seminars<\/span> Read More &raquo;<\/a><\/p>","protected":false},"author":1,"featured_media":24607,"parent":0,"menu_order":0,"comment_status":"closed","ping_status":"closed","template":"","meta":{"site-sidebar-layout":"no-sidebar","site-content-layout":"page-builder","ast-main-header-display":"","ast-hfb-above-header-display":"","ast-hfb-below-header-display":"","ast-hfb-mobile-header-display":"","site-post-title":"disabled","ast-breadcrumbs-content":"","ast-featured-img":"disabled","footer-sml-layout":"","theme-transparent-header-meta":"default","adv-header-id-meta":"","stick-header-meta":"","header-above-stick-meta":"","header-main-stick-meta":"","header-below-stick-meta":"","footnotes":""},"class_list":["post-24994","page","type-page","status-publish","has-post-thumbnail","hentry"],"_links":{"self":[{"href":"https:\/\/soc-consulting-group.com\/en\/wp-json\/wp\/v2\/pages\/24994","targetHints":{"allow":["GET"]}}],"collection":[{"href":"https:\/\/soc-consulting-group.com\/en\/wp-json\/wp\/v2\/pages"}],"about":[{"href":"https:\/\/soc-consulting-group.com\/en\/wp-json\/wp\/v2\/types\/page"}],"author":[{"embeddable":true,"href":"https:\/\/soc-consulting-group.com\/en\/wp-json\/wp\/v2\/users\/1"}],"replies":[{"embeddable":true,"href":"https:\/\/soc-consulting-group.com\/en\/wp-json\/wp\/v2\/comments?post=24994"}],"version-history":[{"count":10,"href":"https:\/\/soc-consulting-group.com\/en\/wp-json\/wp\/v2\/pages\/24994\/revisions"}],"predecessor-version":[{"id":27041,"href":"https:\/\/soc-consulting-group.com\/en\/wp-json\/wp\/v2\/pages\/24994\/revisions\/27041"}],"wp:featuredmedia":[{"embeddable":true,"href":"https:\/\/soc-consulting-group.com\/en\/wp-json\/wp\/v2\/media\/24607"}],"wp:attachment":[{"href":"https:\/\/soc-consulting-group.com\/en\/wp-json\/wp\/v2\/media?parent=24994"}],"curies":[{"name":"wp","href":"https:\/\/api.w.org\/{rel}","templated":true}]}}